{"id":50219,"date":"2026-02-19T00:42:32","date_gmt":"2026-02-19T03:42:32","guid":{"rendered":"https:\/\/academiadepacientes.com.br\/?page_id=50219"},"modified":"2026-02-19T14:12:49","modified_gmt":"2026-02-19T17:12:49","slug":"canais","status":"publish","type":"page","link":"https:\/\/academiadepacientes.com.br\/?page_id=50219","title":{"rendered":"Canais"},"content":{"rendered":"\n<figure class=\"wp-block-image size-medium\"><img data-opt-id=1505782334  fetchpriority=\"high\" decoding=\"async\" width=\"790\" height=\"701\" src=\"https:\/\/mlzfzsux7b5d.i.optimole.com\/w:auto\/h:auto\/q:mauto\/f:best\/ig:avif\/https:\/\/academiadepacientes.com.br\/wp-content\/uploads\/2026\/02\/undraw_note-list_47ij.svg\" alt=\"\" class=\"wp-image-50220\"\/><\/figure>\n\n\n\n<div style=\"height:84px\" aria-hidden=\"true\" class=\"wp-block-spacer\"><\/div>\n\n\n\n<h2 class=\"wp-block-heading\">Judicializa\u00e7\u00e3o e economia da sa\u00fade<\/h2>\n\n\n\n<p>An\u00e1lises sobre decis\u00f5es judiciais, impactos institucionais e efeitos sist\u00eamicos no acesso \u00e0 sa\u00fade.<br>\u2192 <a href=\"https:\/\/academiadepacientes.com.br\/category\/judicializacao-e-economia-da-saude\/\">Ver publica\u00e7\u00f5es<\/a><\/p>\n\n\n\n<h2 class=\"wp-block-heading\">SUS, governan\u00e7a e pol\u00edticas p\u00fablicas<\/h2>\n\n\n\n<p>Debates sobre incorpora\u00e7\u00e3o, financiamento, regula\u00e7\u00e3o e pol\u00edticas p\u00fablicas.<br>\u2192 <a href=\"https:\/\/academiadepacientes.com.br\/category\/sus-governanca-e-politicas-publicas\/\">Ver publica\u00e7\u00f5es<\/a><\/p>\n\n\n\n<h2 class=\"wp-block-heading\">Evid\u00eancias e controv\u00e9rsias<\/h2>\n\n\n\n<p>Leitura cr\u00edtica de estudos, avalia\u00e7\u00f5es de tecnologia em sa\u00fade e controv\u00e9rsias metodol\u00f3gicas.<br>\u2192 <a href=\"https:\/\/academiadepacientes.com.br\/category\/evidencias-e-controversias\/\">Ver publica\u00e7\u00f5es<\/a><\/p>\n\n\n\n<h2 class=\"wp-block-heading\">Terapias avan\u00e7adas e regula\u00e7\u00e3o<\/h2>\n\n\n\n<p>Notas t\u00e9cnico-jornal\u00edsticas e an\u00e1lises sobre terapias g\u00eanicas, vetores virais e novas fronteiras biom\u00e9dicas.<br>\u2192 <a href=\"https:\/\/academiadepacientes.com.br\/category\/terapias-avancadas-e-regulacao\/\">Ver publica\u00e7\u00f5es<\/a><\/p>\n","protected":false},"excerpt":{"rendered":"<p>Judicializa\u00e7\u00e3o e economia da sa\u00fade An\u00e1lises sobre decis\u00f5es judiciais, impactos institucionais e efeitos sist\u00eamicos no acesso \u00e0 sa\u00fade.\u2192 Ver publica\u00e7\u00f5es &#8230; <\/p>\n<p class=\"read-more-container\"><a title=\"Canais\" class=\"read-more button\" href=\"https:\/\/academiadepacientes.com.br\/?page_id=50219#more-50219\" aria-label=\"Read more about Canais\">Saiba mais<\/a><\/p>\n","protected":false},"author":2,"featured_media":0,"parent":0,"menu_order":0,"comment_status":"closed","ping_status":"closed","template":"","meta":{"om_disable_all_campaigns":false,"_uag_custom_page_level_css":"","_monsterinsights_skip_tracking":false,"_monsterinsights_sitenote_active":false,"_monsterinsights_sitenote_note":"","_monsterinsights_sitenote_category":0,"footnotes":""},"class_list":{"0":"post-50219","1":"page","2":"type-page","3":"status-publish","5":"infinite-scroll-item"},"aioseo_notices":[],"uagb_featured_image_src":{"full":false,"thumbnail":false,"medium":false,"medium_large":false,"large":false,"1536x1536":false,"2048x2048":false,"mailpoet_newsletter_max":false},"uagb_author_info":{"display_name":"Cl\u00e1udio Cordovil","author_link":"https:\/\/academiadepacientes.com.br\/?author=2"},"uagb_comment_info":0,"uagb_excerpt":"Judicializa\u00e7\u00e3o e economia da sa\u00fade An\u00e1lises sobre decis\u00f5es judiciais, impactos institucionais e efeitos sist\u00eamicos no acesso \u00e0 sa\u00fade.\u2192 Ver publica\u00e7\u00f5es ... Saiba mais","_links":{"self":[{"href":"https:\/\/academiadepacientes.com.br\/index.php?rest_route=\/wp\/v2\/pages\/50219","targetHints":{"allow":["GET"]}}],"collection":[{"href":"https:\/\/academiadepacientes.com.br\/index.php?rest_route=\/wp\/v2\/pages"}],"about":[{"href":"https:\/\/academiadepacientes.com.br\/index.php?rest_route=\/wp\/v2\/types\/page"}],"author":[{"embeddable":true,"href":"https:\/\/academiadepacientes.com.br\/index.php?rest_route=\/wp\/v2\/users\/2"}],"replies":[{"embeddable":true,"href":"https:\/\/academiadepacientes.com.br\/index.php?rest_route=%2Fwp%2Fv2%2Fcomments&post=50219"}],"version-history":[{"count":2,"href":"https:\/\/academiadepacientes.com.br\/index.php?rest_route=\/wp\/v2\/pages\/50219\/revisions"}],"predecessor-version":[{"id":50275,"href":"https:\/\/academiadepacientes.com.br\/index.php?rest_route=\/wp\/v2\/pages\/50219\/revisions\/50275"}],"wp:attachment":[{"href":"https:\/\/academiadepacientes.com.br\/index.php?rest_route=%2Fwp%2Fv2%2Fmedia&parent=50219"}],"curies":[{"name":"wp","href":"https:\/\/api.w.org\/{rel}","templated":true}]}}