{"id":50213,"date":"2026-02-19T00:08:51","date_gmt":"2026-02-19T03:08:51","guid":{"rendered":"https:\/\/academiadepacientes.com.br\/?page_id=50213"},"modified":"2026-03-26T09:43:05","modified_gmt":"2026-03-26T12:43:05","slug":"arquivos-2017-2023","status":"publish","type":"page","link":"https:\/\/academiadepacientes.com.br\/?page_id=50213","title":{"rendered":"Arquivos 2017-2023"},"content":{"rendered":"\n<figure class=\"wp-block-image size-medium\"><img data-opt-id=556895464  fetchpriority=\"high\" decoding=\"async\" width=\"748\" height=\"457\" src=\"https:\/\/mlzfzsux7b5d.i.optimole.com\/w:auto\/h:auto\/q:mauto\/f:best\/ig:avif\/https:\/\/academiadepacientes.com.br\/wp-content\/uploads\/2026\/02\/undraw_file-search_cbur.svg\" alt=\"\" class=\"wp-image-50214\"\/><\/figure>\n\n\n\n<p>Esta se\u00e7\u00e3o re\u00fane as publica\u00e7\u00f5es da fase inaugural do projeto (2017\u2013 6\/9\/2023), anterior ao per\u00edodo de transi\u00e7\u00e3o metodol\u00f3gica<\/p>\n\n\n\n<p>2017 \u2014 <a href=\"https:\/\/academiadepacientes.com.br\/2017\/\" target=\"_blank\" rel=\"noopener\" title=\"\">https:\/\/academiadepacientes.com.br\/2017\/<\/a><\/p>\n\n\n\n<p>2018 \u2014 <a href=\"https:\/\/academiadepacientes.com.br\/2018\/\" target=\"_blank\" rel=\"noopener\" title=\"\">https:\/\/academiadepacientes.com.br\/2018\/<\/a><\/p>\n\n\n\n<p>2019 \u2014 <a href=\"https:\/\/academiadepacientes.com.br\/2019\/\" target=\"_blank\" rel=\"noopener\" title=\"\">https:\/\/academiadepacientes.com.br\/2019\/<\/a><\/p>\n\n\n\n<p>2020 \u2014 <a href=\"https:\/\/academiadepacientes.com.br\/2020\/\" target=\"_blank\" rel=\"noopener\" title=\"\">https:\/\/academiadepacientes.com.br\/2020\/<\/a><\/p>\n\n\n\n<p>2021 \u2014 <a href=\"https:\/\/academiadepacientes.com.br\/2021\/\" target=\"_blank\" rel=\"noopener\" title=\"\">https:\/\/academiadepacientes.com.br\/2021\/<\/a><\/p>\n\n\n\n<p>2022 \u2014 <a href=\"https:\/\/academiadepacientes.com.br\/2022\/\" target=\"_blank\" rel=\"noopener\" title=\"\">https:\/\/academiadepacientes.com.br\/2022\/<\/a><\/p>\n\n\n\n<p>2023 (jan\u2013set) \u2014 <a href=\"https:\/\/academiadepacientes.com.br\/2023\/\" target=\"_blank\" rel=\"noopener\" title=\"\">https:\/\/academiadepacientes.com.br\/2023\/<\/a><\/p>\n\n\n\n<p><\/p>\n","protected":false},"excerpt":{"rendered":"<p>Esta se\u00e7\u00e3o re\u00fane as publica\u00e7\u00f5es da fase inaugural do projeto (2017\u2013 6\/9\/2023), anterior ao per\u00edodo de transi\u00e7\u00e3o metodol\u00f3gica 2017 \u2014 &#8230; <\/p>\n<p class=\"read-more-container\"><a title=\"Arquivos 2017-2023\" class=\"read-more button\" href=\"https:\/\/academiadepacientes.com.br\/?page_id=50213#more-50213\" aria-label=\"Read more about Arquivos 2017-2023\">Saiba mais<\/a><\/p>\n","protected":false},"author":2,"featured_media":0,"parent":0,"menu_order":0,"comment_status":"closed","ping_status":"closed","template":"","meta":{"om_disable_all_campaigns":false,"_uag_custom_page_level_css":"","_monsterinsights_skip_tracking":false,"_monsterinsights_sitenote_active":false,"_monsterinsights_sitenote_note":"","_monsterinsights_sitenote_category":0,"footnotes":""},"class_list":{"0":"post-50213","1":"page","2":"type-page","3":"status-publish","5":"infinite-scroll-item"},"aioseo_notices":[],"uagb_featured_image_src":{"full":false,"thumbnail":false,"medium":false,"medium_large":false,"large":false,"1536x1536":false,"2048x2048":false,"mailpoet_newsletter_max":false},"uagb_author_info":{"display_name":"Cl\u00e1udio Cordovil","author_link":"https:\/\/academiadepacientes.com.br\/?author=2"},"uagb_comment_info":0,"uagb_excerpt":"Esta se\u00e7\u00e3o re\u00fane as publica\u00e7\u00f5es da fase inaugural do projeto (2017\u2013 6\/9\/2023), anterior ao per\u00edodo de transi\u00e7\u00e3o metodol\u00f3gica 2017 \u2014 ... Saiba mais","_links":{"self":[{"href":"https:\/\/academiadepacientes.com.br\/index.php?rest_route=\/wp\/v2\/pages\/50213","targetHints":{"allow":["GET"]}}],"collection":[{"href":"https:\/\/academiadepacientes.com.br\/index.php?rest_route=\/wp\/v2\/pages"}],"about":[{"href":"https:\/\/academiadepacientes.com.br\/index.php?rest_route=\/wp\/v2\/types\/page"}],"author":[{"embeddable":true,"href":"https:\/\/academiadepacientes.com.br\/index.php?rest_route=\/wp\/v2\/users\/2"}],"replies":[{"embeddable":true,"href":"https:\/\/academiadepacientes.com.br\/index.php?rest_route=%2Fwp%2Fv2%2Fcomments&post=50213"}],"version-history":[{"count":2,"href":"https:\/\/academiadepacientes.com.br\/index.php?rest_route=\/wp\/v2\/pages\/50213\/revisions"}],"predecessor-version":[{"id":50384,"href":"https:\/\/academiadepacientes.com.br\/index.php?rest_route=\/wp\/v2\/pages\/50213\/revisions\/50384"}],"wp:attachment":[{"href":"https:\/\/academiadepacientes.com.br\/index.php?rest_route=%2Fwp%2Fv2%2Fmedia&parent=50213"}],"curies":[{"name":"wp","href":"https:\/\/api.w.org\/{rel}","templated":true}]}}