{"id":50169,"date":"2026-02-18T14:09:02","date_gmt":"2026-02-18T17:09:02","guid":{"rendered":"https:\/\/academiadepacientes.com.br\/?page_id=50169"},"modified":"2026-02-21T07:57:56","modified_gmt":"2026-02-21T10:57:56","slug":"editorial-2026","status":"publish","type":"page","link":"https:\/\/academiadepacientes.com.br\/","title":{"rendered":"Editorial 2026"},"content":{"rendered":"\n<figure class=\"wp-block-image size-large\"><img data-opt-id=2068560302  fetchpriority=\"high\" decoding=\"async\" width=\"609\" height=\"764\" src=\"https:\/\/mlzfzsux7b5d.i.optimole.com\/w:auto\/h:auto\/q:mauto\/f:best\/ig:avif\/https:\/\/academiadepacientes.com.br\/wp-content\/uploads\/2026\/02\/undraw_newspaper_ri3k.svg\" alt=\"\" class=\"wp-image-50245\"\/><\/figure>\n\n\n\n<div style=\"height:100px\" aria-hidden=\"true\" class=\"wp-block-spacer\"><\/div>\n\n\n\n<div class=\"gb-grid-wrapper gb-grid-wrapper-d12e5a84 gb-query-loop-wrapper\">\n<div class=\"gb-grid-column gb-grid-column-fa580835 gb-query-loop-item post-50483 post type-post status-publish format-standard has-post-thumbnail hentry category-editorial-2026 category-terapias-avancadas-e-regulacao\"><div class=\"gb-container gb-container-fa580835\">\n<h2 class=\"gb-headline gb-headline-6ace3c21 gb-headline-text\"><a href=\"https:\/\/academiadepacientes.com.br\/?p=50483\">A ci\u00eancia que salva crian\u00e7as com doen\u00e7as raras j\u00e1 existe. O sistema regulat\u00f3rio, ainda n\u00e3o.<\/a><\/h2>\n\n<p class=\"gb-headline gb-headline-786d75c2 gb-headline-text\"><time class=\"entry-date published\" datetime=\"2026-04-10T09:59:58-03:00\">10 de abril de 2026<\/time><\/p>\n\n<div class=\"gb-headline gb-headline-5bd80d0f gb-headline-text\">A edi\u00e7\u00e3o gen\u00f4mica personalizada salvou KJ Muldoon. Mas sem reforma regulat\u00f3ria, esse avan\u00e7o pode n\u00e3o chegar \u00e0s pr\u00f3ximas crian\u00e7as com doen\u00e7as raras.<\/div>\n<\/div><\/div>\n\n<div class=\"gb-grid-column gb-grid-column-fa580835 gb-query-loop-item post-50440 post type-post status-publish format-standard has-post-thumbnail hentry category-judicializacao-e-economia-da-saude\"><div class=\"gb-container gb-container-fa580835\">\n<h2 class=\"gb-headline gb-headline-6ace3c21 gb-headline-text\"><a href=\"https:\/\/academiadepacientes.com.br\/?p=50440\">Voc\u00ea paga imposto para ter sa\u00fade. O que o Estado faz com esse dinheiro?<\/a><\/h2>\n\n<p class=\"gb-headline gb-headline-786d75c2 gb-headline-text\"><time class=\"entry-date published\" datetime=\"2026-04-02T14:34:40-03:00\">2 de abril de 2026<\/time><\/p>\n\n<div class=\"gb-headline gb-headline-5bd80d0f gb-headline-text\"> Um defensor p\u00fablico do Rio de Janeiro assina no Migalhas uma cr\u00edtica contundente \u00e0 judicializa\u00e7\u00e3o da sa\u00fade , n\u00e3o do ponto de vista do paciente, mas do custo que o contribuinte paga pela incapacidade do Estado de cumprir o que a Constitui\u00e7\u00e3o j\u00e1 determinou.<\/div>\n<\/div><\/div>\n\n<div class=\"gb-grid-column gb-grid-column-fa580835 gb-query-loop-item post-50430 post type-post status-publish format-standard has-post-thumbnail hentry category-editorial-2026 category-noticias\"><div class=\"gb-container gb-container-fa580835\">\n<h2 class=\"gb-headline gb-headline-6ace3c21 gb-headline-text\"><a href=\"https:\/\/academiadepacientes.com.br\/?p=50430\">T\u00e9l\u00e9thon 2025 ultrapassa 600 milh\u00f5es de reais e renova aposta na pesquisa sobre doen\u00e7as raras<\/a><\/h2>\n\n<p class=\"gb-headline gb-headline-786d75c2 gb-headline-text\"><time class=\"entry-date published\" datetime=\"2026-04-01T11:24:35-03:00\">1 de abril de 2026<\/time><\/p>\n\n<div class=\"gb-headline gb-headline-5bd80d0f gb-headline-text\">O T\u00e9l\u00e9thon 2025 arrecadou cerca de R$ 604 milh\u00f5es (100.548.314 de euros). \u00c9 o melhor resultado desde que a maratona &#8230; <p class=\"read-more-container\"><a title=\"T\u00e9l\u00e9thon 2025 ultrapassa 600 milh\u00f5es de reais e renova aposta na pesquisa sobre doen\u00e7as raras\" class=\"read-more button\" href=\"https:\/\/academiadepacientes.com.br\/?p=50430#more-50430\" aria-label=\"Read more about T\u00e9l\u00e9thon 2025 ultrapassa 600 milh\u00f5es de reais e renova aposta na pesquisa sobre doen\u00e7as raras\">Saiba mais<\/a><\/p><\/div>\n<\/div><\/div>\n\n<div class=\"gb-grid-column gb-grid-column-fa580835 gb-query-loop-item post-50427 post type-post status-publish format-standard has-post-thumbnail hentry category-editorial-2026 category-terapias-avancadas-e-regulacao\"><div class=\"gb-container gb-container-fa580835\">\n<h2 class=\"gb-headline gb-headline-6ace3c21 gb-headline-text\"><a href=\"https:\/\/academiadepacientes.com.br\/?p=50427\">FDA publica diretriz para terapias individualizadas em doen\u00e7as ultra-raras<\/a><\/h2>\n\n<p class=\"gb-headline gb-headline-786d75c2 gb-headline-text\"><time class=\"entry-date published\" datetime=\"2026-04-01T10:51:49-03:00\">1 de abril de 2026<\/time><\/p>\n\n<div class=\"gb-headline gb-headline-5bd80d0f gb-headline-text\">A Food and Drug Administration divulgou, no final de fevereiro, uma vers\u00e3o preliminar de diretriz para patrocinadores que buscam aprova\u00e7\u00e3o &#8230; <p class=\"read-more-container\"><a title=\"FDA publica diretriz para terapias individualizadas em doen\u00e7as ultra-raras\" class=\"read-more button\" href=\"https:\/\/academiadepacientes.com.br\/?p=50427#more-50427\" aria-label=\"Read more about FDA publica diretriz para terapias individualizadas em doen\u00e7as ultra-raras\">Saiba mais<\/a><\/p><\/div>\n<\/div><\/div>\n\n<div class=\"gb-grid-column gb-grid-column-fa580835 gb-query-loop-item post-50420 post type-post status-publish format-standard has-post-thumbnail hentry category-editorial-2026 category-sus-governanca-e-politicas-publicas\"><div class=\"gb-container gb-container-fa580835\">\n<h2 class=\"gb-headline gb-headline-6ace3c21 gb-headline-text\"><a href=\"https:\/\/academiadepacientes.com.br\/?p=50420\">O paradoxo da gest\u00e3o na sa\u00fade p\u00fablica: entre a &#8220;lata do lixo&#8221; e a captura do fundo p\u00fablico.<\/a><\/h2>\n\n<p class=\"gb-headline gb-headline-786d75c2 gb-headline-text\"><time class=\"entry-date published\" datetime=\"2026-04-01T07:57:05-03:00\">1 de abril de 2026<\/time><\/p>\n\n<div class=\"gb-headline gb-headline-5bd80d0f gb-headline-text\">Acabou de acontecer no SUS a seguinte situa\u00e7\u00e3o: O Estado identificou falhas graves na governan\u00e7a de uma organiza\u00e7\u00e3o n\u00e3o- governamental &#8230; <p class=\"read-more-container\"><a title=\"O paradoxo da gest\u00e3o na sa\u00fade p\u00fablica: entre a &#8220;lata do lixo&#8221; e a captura do fundo p\u00fablico.\" class=\"read-more button\" href=\"https:\/\/academiadepacientes.com.br\/?p=50420#more-50420\" aria-label=\"Read more about O paradoxo da gest\u00e3o na sa\u00fade p\u00fablica: entre a &#8220;lata do lixo&#8221; e a captura do fundo p\u00fablico.\">Saiba mais<\/a><\/p><\/div>\n<\/div><\/div>\n\n<div class=\"gb-grid-column gb-grid-column-fa580835 gb-query-loop-item post-50406 post type-post status-publish format-standard has-post-thumbnail hentry category-sus-governanca-e-politicas-publicas\"><div class=\"gb-container gb-container-fa580835\">\n<h2 class=\"gb-headline gb-headline-6ace3c21 gb-headline-text\"><a href=\"https:\/\/academiadepacientes.com.br\/?p=50406\">Pressionada pelo TCU, Conitec reformula crit\u00e9rios de incorpora\u00e7\u00e3o de medicamentos ao SUS<\/a><\/h2>\n\n<p class=\"gb-headline gb-headline-786d75c2 gb-headline-text\"><time class=\"entry-date published\" datetime=\"2026-03-30T10:22:41-03:00\">30 de mar\u00e7o de 2026<\/time><\/p>\n\n<div class=\"gb-headline gb-headline-5bd80d0f gb-headline-text\">Em entrevista ao JOTA, a secret\u00e1ria de Ci\u00eancia, Tecnologia e Inova\u00e7\u00e3o da Sa\u00fade, Fernanda de Negri, anunciou que o Minist\u00e9rio &#8230; <p class=\"read-more-container\"><a title=\"Pressionada pelo TCU, Conitec reformula crit\u00e9rios de incorpora\u00e7\u00e3o de medicamentos ao SUS\" class=\"read-more button\" href=\"https:\/\/academiadepacientes.com.br\/?p=50406#more-50406\" aria-label=\"Read more about Pressionada pelo TCU, Conitec reformula crit\u00e9rios de incorpora\u00e7\u00e3o de medicamentos ao SUS\">Saiba mais<\/a><\/p><\/div>\n<\/div><\/div>\n\n<div class=\"gb-grid-column gb-grid-column-fa580835 gb-query-loop-item post-50386 post type-post status-publish format-standard has-post-thumbnail hentry category-editorial-2026 category-evidencias-e-controversias category-nao-categorizado\"><div class=\"gb-container gb-container-fa580835\">\n<h2 class=\"gb-headline gb-headline-6ace3c21 gb-headline-text\"><a href=\"https:\/\/academiadepacientes.com.br\/?p=50386\">Populismo tecnol\u00f3gico: ano eleitoral e propostas mirabolantes em doen\u00e7as raras<\/a><\/h2>\n\n<p class=\"gb-headline gb-headline-786d75c2 gb-headline-text\"><time class=\"entry-date published\" datetime=\"2026-03-27T09:10:40-03:00\">27 de mar\u00e7o de 2026<\/time><\/p>\n\n<div class=\"gb-headline gb-headline-5bd80d0f gb-headline-text\">O Minist\u00e9rio da Sa\u00fade anunciou a expans\u00e3o do Sequenciamento do Exoma (WES) para o diagn\u00f3stico de doen\u00e7as raras em geral. &#8230; <p class=\"read-more-container\"><a title=\"Populismo tecnol\u00f3gico: ano eleitoral e propostas mirabolantes em doen\u00e7as raras\" class=\"read-more button\" href=\"https:\/\/academiadepacientes.com.br\/?p=50386#more-50386\" aria-label=\"Read more about Populismo tecnol\u00f3gico: ano eleitoral e propostas mirabolantes em doen\u00e7as raras\">Saiba mais<\/a><\/p><\/div>\n<\/div><\/div>\n\n<div class=\"gb-grid-column gb-grid-column-fa580835 gb-query-loop-item post-50377 post type-post status-publish format-standard has-post-thumbnail hentry category-sus-governanca-e-politicas-publicas\"><div class=\"gb-container gb-container-fa580835\">\n<h2 class=\"gb-headline gb-headline-6ace3c21 gb-headline-text\"><a href=\"https:\/\/academiadepacientes.com.br\/?p=50377\">Congresso trama fim da Conitec: isto n\u00e3o pode acontecer<\/a><\/h2>\n\n<p class=\"gb-headline gb-headline-786d75c2 gb-headline-text\"><time class=\"entry-date published\" datetime=\"2026-03-26T09:00:51-03:00\">26 de mar\u00e7o de 2026<\/time><\/p>\n\n<div class=\"gb-headline gb-headline-5bd80d0f gb-headline-text\">O veterano e respeitado sanitarista Reinaldo Guimar\u00e3es acaba de publicar artigo no site Outra Sa\u00fade, no qual denuncia manobras do &#8230; <p class=\"read-more-container\"><a title=\"Congresso trama fim da Conitec: isto n\u00e3o pode acontecer\" class=\"read-more button\" href=\"https:\/\/academiadepacientes.com.br\/?p=50377#more-50377\" aria-label=\"Read more about Congresso trama fim da Conitec: isto n\u00e3o pode acontecer\">Saiba mais<\/a><\/p><\/div>\n<\/div><\/div>\n\n<div class=\"gb-grid-column gb-grid-column-fa580835 gb-query-loop-item post-50360 post type-post status-publish format-standard has-post-thumbnail hentry category-editorial-2026 category-sus-governanca-e-politicas-publicas\"><div class=\"gb-container gb-container-fa580835\">\n<h2 class=\"gb-headline gb-headline-6ace3c21 gb-headline-text\"><a href=\"https:\/\/academiadepacientes.com.br\/?p=50360\">Representa\u00e7\u00e3o social ou patronal? TCU julga irregular atua\u00e7\u00e3o de l\u00edder da ind\u00fastria farmac\u00eautica na gest\u00e3o de tecnologias do SUS<\/a><\/h2>\n\n<p class=\"gb-headline gb-headline-786d75c2 gb-headline-text\"><time class=\"entry-date published\" datetime=\"2026-03-25T09:07:06-03:00\">25 de mar\u00e7o de 2026<\/time><\/p>\n\n<div class=\"gb-headline gb-headline-5bd80d0f gb-headline-text\">A auditoria realizada pelo Tribunal de Contas da Uni\u00e3o (TCU) sobre os processos de incorpora\u00e7\u00e3o de tecnologias no SUS entre &#8230; <p class=\"read-more-container\"><a title=\"Representa\u00e7\u00e3o social ou patronal? TCU julga irregular atua\u00e7\u00e3o de l\u00edder da ind\u00fastria farmac\u00eautica na gest\u00e3o de tecnologias do SUS\" class=\"read-more button\" href=\"https:\/\/academiadepacientes.com.br\/?p=50360#more-50360\" aria-label=\"Read more about Representa\u00e7\u00e3o social ou patronal? TCU julga irregular atua\u00e7\u00e3o de l\u00edder da ind\u00fastria farmac\u00eautica na gest\u00e3o de tecnologias do SUS\">Saiba mais<\/a><\/p><\/div>\n<\/div><\/div>\n\n<div class=\"gb-grid-column gb-grid-column-fa580835 gb-query-loop-item post-50343 post type-post status-publish format-standard has-post-thumbnail hentry category-editorial-2026 category-sus-governanca-e-politicas-publicas\"><div class=\"gb-container gb-container-fa580835\">\n<h2 class=\"gb-headline gb-headline-6ace3c21 gb-headline-text\"><a href=\"https:\/\/academiadepacientes.com.br\/?p=50343\">Tribunal de Contas da Uni\u00e3o aponta in\u00fameras falhas na Conitec<\/a><\/h2>\n\n<p class=\"gb-headline gb-headline-786d75c2 gb-headline-text\"><time class=\"entry-date published\" datetime=\"2026-03-24T10:23:16-03:00\">24 de mar\u00e7o de 2026<\/time><\/p>\n\n<div class=\"gb-headline gb-headline-5bd80d0f gb-headline-text\">O TCU realizou auditoria para avaliar o processo de incorpora\u00e7\u00e3o, altera\u00e7\u00e3o ou exclus\u00e3o de tecnologias no Sistema \u00danico de Sa\u00fade &#8230; <p class=\"read-more-container\"><a title=\"Tribunal de Contas da Uni\u00e3o aponta in\u00fameras falhas na Conitec\" class=\"read-more button\" href=\"https:\/\/academiadepacientes.com.br\/?p=50343#more-50343\" aria-label=\"Read more about Tribunal de Contas da Uni\u00e3o aponta in\u00fameras falhas na Conitec\">Saiba mais<\/a><\/p><\/div>\n<\/div><\/div>\n<\/div>\n","protected":false},"excerpt":{"rendered":"","protected":false},"author":2,"featured_media":0,"parent":0,"menu_order":0,"comment_status":"closed","ping_status":"closed","template":"","meta":{"om_disable_all_campaigns":false,"_uag_custom_page_level_css":"","_monsterinsights_skip_tracking":false,"_monsterinsights_sitenote_active":false,"_monsterinsights_sitenote_note":"","_monsterinsights_sitenote_category":0,"footnotes":""},"class_list":{"0":"post-50169","1":"page","2":"type-page","3":"status-publish","5":"infinite-scroll-item"},"aioseo_notices":[],"uagb_featured_image_src":{"full":false,"thumbnail":false,"medium":false,"medium_large":false,"large":false,"1536x1536":false,"2048x2048":false,"mailpoet_newsletter_max":false},"uagb_author_info":{"display_name":"Cl\u00e1udio Cordovil","author_link":"https:\/\/academiadepacientes.com.br\/?author=2"},"uagb_comment_info":0,"uagb_excerpt":null,"_links":{"self":[{"href":"https:\/\/academiadepacientes.com.br\/index.php?rest_route=\/wp\/v2\/pages\/50169","targetHints":{"allow":["GET"]}}],"collection":[{"href":"https:\/\/academiadepacientes.com.br\/index.php?rest_route=\/wp\/v2\/pages"}],"about":[{"href":"https:\/\/academiadepacientes.com.br\/index.php?rest_route=\/wp\/v2\/types\/page"}],"author":[{"embeddable":true,"href":"https:\/\/academiadepacientes.com.br\/index.php?rest_route=\/wp\/v2\/users\/2"}],"replies":[{"embeddable":true,"href":"https:\/\/academiadepacientes.com.br\/index.php?rest_route=%2Fwp%2Fv2%2Fcomments&post=50169"}],"version-history":[{"count":7,"href":"https:\/\/academiadepacientes.com.br\/index.php?rest_route=\/wp\/v2\/pages\/50169\/revisions"}],"predecessor-version":[{"id":50295,"href":"https:\/\/academiadepacientes.com.br\/index.php?rest_route=\/wp\/v2\/pages\/50169\/revisions\/50295"}],"wp:attachment":[{"href":"https:\/\/academiadepacientes.com.br\/index.php?rest_route=%2Fwp%2Fv2%2Fmedia&parent=50169"}],"curies":[{"name":"wp","href":"https:\/\/api.w.org\/{rel}","templated":true}]}}